{"id":130,"date":"2016-12-13T11:03:27","date_gmt":"2016-12-13T11:03:27","guid":{"rendered":"http:\/\/www.multilayer.wandapps.com\/?page_id=130"},"modified":"2018-07-12T11:23:23","modified_gmt":"2018-07-12T11:23:23","slug":"privacy-policy","status":"publish","type":"page","link":"https:\/\/www.wandapps.com\/multilayer\/privacy-policy\/","title":{"rendered":"Privacy Policy"},"content":{"rendered":"<p>&nbsp;<\/p>\n<h3>Privacy Policy<\/h3>\n<p>This app requires some permissions that give us access to personal or sensitive user data (files, pictures, phone state and account data).<br \/>\nBut <strong>we do NOT transfer\u00a0personal\u00a0data<\/strong> to anywhere.<br \/>\nAccess to the file system is necessary to be able to load and save pictures.<br \/>\nThe rest of the permissions are required in order to optimize the services underlaying this app, such as sending notifications or managing personalized ads.<br \/>\n<strong>The data they collect and transfer is always anonymous<\/strong>.<br \/>\nSome of these services are provided through various partners*, which fully comply with Google\u2019s policies and European laws on data protection.<\/p>\n<h3>Pol\u00edtica de Privacidad<\/h3>\n<p>Esta aplicaci\u00f3n requiere algunos permisos que nos dan acceso a datos de usuario personales o confidenciales (archivos, im\u00e1genes, estado del tel\u00e9fono y datos de cuenta).<br \/>\nPero <strong>NO transmitimos datos personales<\/strong> a ninguna parte.<br \/>\nEl acceso al sistema de archivos es necesario para poder cargar y guardar im\u00e1genes.<br \/>\nEl resto de los permisos son necesarios para optimizar los servicios que subyacen a esta aplicaci\u00f3n, como el env\u00edo de notificaciones o la administraci\u00f3n de anuncios publicitarios personalizados.<br \/>\n<strong>Los datos que se recopilan y transfieren son siempre an\u00f3nimos<\/strong>.<br \/>\nAlgunos de estos servicios se proporcionan a trav\u00e9s de varios socios*, que cumplen plenamente con las Pol\u00edticas de Google y y las Leyes Europeas sobre protecci\u00f3n de datos.<\/p>\n<p>&#8212;<\/p>\n<p>*PARTNERS:<\/p>\n<p><a href=\"https:\/\/www.google.com\/analytics\/\" target=\"_blank\">google.com\/analytics<br \/>\n<\/a><a href=\"https:\/\/firebase.google.com\/\" target=\"_blank\">firebase.google.com<br \/>\n<\/a><a href=\"https:\/\/www.google.com\/admob\" target=\"_blank\">admob.com<\/a><\/p>\n<p>(You may visit\u00a0<a href=\"https:\/\/policies.google.com\/technologies\/partner-sites\" target=\"_blank\">this link<\/a> to know how Google manages data in its products)<br \/>\n(Puedes visitar\u00a0<a href=\"https:\/\/policies.google.com\/technologies\/partner-sites\" target=\"_blank\">este enlace<\/a> para conocer c\u00f3mo trata Google los datos en sus productos)<\/p>\n","protected":false},"excerpt":{"rendered":"<p>&nbsp; Privacy Policy This app requires some permissions that give us access to personal or sensitive user data (files, pictures, phone state and account data). But we do NOT transfer\u00a0personal\u00a0data to anywhere. Access to the file system is necessary to be able to load and save pictures. The rest of the permissions are required in &hellip;<\/p>\n<p class=\"read-more\"> <a class=\"\" href=\"https:\/\/www.wandapps.com\/multilayer\/privacy-policy\/\"> <span class=\"screen-reader-text\">Privacy Policy<\/span> Read More &raquo;<\/a><\/p>\n","protected":false},"author":1,"featured_media":0,"parent":0,"menu_order":0,"comment_status":"closed","ping_status":"closed","template":"","meta":{"site-sidebar-layout":"default","site-content-layout":"default","ast-global-header-display":"","ast-main-header-display":"","ast-hfb-above-header-display":"","ast-hfb-below-header-display":"","ast-hfb-mobile-header-display":"","site-post-title":"","ast-breadcrumbs-content":"","ast-featured-img":"","footer-sml-layout":"","theme-transparent-header-meta":"","adv-header-id-meta":"","stick-header-meta":"","header-above-stick-meta":"","header-main-stick-meta":"","header-below-stick-meta":""},"_links":{"self":[{"href":"https:\/\/www.wandapps.com\/multilayer\/wp-json\/wp\/v2\/pages\/130"}],"collection":[{"href":"https:\/\/www.wandapps.com\/multilayer\/wp-json\/wp\/v2\/pages"}],"about":[{"href":"https:\/\/www.wandapps.com\/multilayer\/wp-json\/wp\/v2\/types\/page"}],"author":[{"embeddable":true,"href":"https:\/\/www.wandapps.com\/multilayer\/wp-json\/wp\/v2\/users\/1"}],"replies":[{"embeddable":true,"href":"https:\/\/www.wandapps.com\/multilayer\/wp-json\/wp\/v2\/comments?post=130"}],"version-history":[{"count":10,"href":"https:\/\/www.wandapps.com\/multilayer\/wp-json\/wp\/v2\/pages\/130\/revisions"}],"predecessor-version":[{"id":146,"href":"https:\/\/www.wandapps.com\/multilayer\/wp-json\/wp\/v2\/pages\/130\/revisions\/146"}],"wp:attachment":[{"href":"https:\/\/www.wandapps.com\/multilayer\/wp-json\/wp\/v2\/media?parent=130"}],"curies":[{"name":"wp","href":"https:\/\/api.w.org\/{rel}","templated":true}]}}